{"id":37,"date":"2018-07-18T11:55:09","date_gmt":"2018-07-18T11:55:09","guid":{"rendered":"https:\/\/demo.afthemes.com\/covernews-pro\/?page_id=37"},"modified":"2025-07-28T16:11:01","modified_gmt":"2025-07-28T16:11:01","slug":"home","status":"publish","type":"page","link":"https:\/\/markosj.net\/","title":{"rendered":"Home"},"content":{"rendered":"\t\t<div data-elementor-type=\"wp-page\" data-elementor-id=\"37\" class=\"elementor elementor-37\">\n\t\t\t\t<div class=\"elementor-element elementor-element-7a74455 e-flex e-con-boxed e-con e-parent\" data-id=\"7a74455\" data-element_type=\"container\">\n\t\t\t\t\t<div class=\"e-con-inner\">\n\t\t<div class=\"elementor-element elementor-element-59f96d2 e-con-full e-flex e-con e-child\" data-id=\"59f96d2\" data-element_type=\"container\">\n\t\t\t\t<div class=\"elementor-element elementor-element-f8d6576 elementor-widget elementor-widget-image\" data-id=\"f8d6576\" data-element_type=\"widget\" data-widget_type=\"image.default\">\n\t\t\t\t<div class=\"elementor-widget-container\">\n\t\t\t\t\t\t\t\t\t\t\t\t\t\t\t<img loading=\"lazy\" width=\"500\" height=\"331\" src=\"https:\/\/markosj.net\/wp-content\/uploads\/2025\/05\/Platnice2_small.jpg\" class=\"attachment-large size-large wp-image-1342\" alt=\"Platnice2_small\" srcset=\"https:\/\/markosj.net\/wp-content\/uploads\/2025\/05\/Platnice2_small.jpg 500w, https:\/\/markosj.net\/wp-content\/uploads\/2025\/05\/Platnice2_small-300x199.jpg 300w\" sizes=\"auto, (max-width: 500px) 100vw, 500px\" loading=\"lazy\" decoding=\"async\" \/>\t\t\t\t\t\t\t\t\t\t\t\t\t\t\t<\/div>\n\t\t\t\t<\/div>\n\t\t\t\t<\/div>\n\t\t<div class=\"elementor-element elementor-element-f9e045b e-con-full e-flex e-con e-child\" data-id=\"f9e045b\" data-element_type=\"container\">\n\t\t\t\t<div class=\"elementor-element elementor-element-108ca48 elementor-widget elementor-widget-text-editor\" data-id=\"108ca48\" data-element_type=\"widget\" data-widget_type=\"text-editor.default\">\n\t\t\t\t<div class=\"elementor-widget-container\">\n\t\t\t\t\t\t\t\t\t<h2><span style=\"color: #000000;\">\u010cez morje v pozabo<\/span><\/h2><h5><span style=\"color: #333300;\"><em>Prva verzija, v slovenskem jeziku<\/em><\/span><\/h5><h6><span style=\"color: var( --e-global-color-text ); font-family: var( --e-global-typography-text-font-family ), Sans-serif; font-weight: var( --e-global-typography-text-font-weight ); text-align: var(--text-align); background-color: transparent;\">(Povpra\u0161evaje oddajte v komentarjih)<\/span><\/h6><h4><span style=\"color: #000000;\">Pri\u010dujo\u010de delo je poskus opisati osnovne procese slovenskega izseljevanja v Argentino. Znanemu posku\u0161am dodati manj znano, delno iz osebnih izku\u0161enj, delno iz pripovedovanj, delno iz dostopne bibliografije in dokumentacije, zato, da bi bolje pojasnil, kak\u0161no \u017eivljenje je izseljence pri\u010dakalo v izseljenstvu. <a href=\"https:\/\/markosj.net\/index.php\/2025\/05\/07\/cez-morje-v-pozabo\/\">Preberi uvod<\/a><\/span><\/h4>\t\t\t\t\t\t\t\t<\/div>\n\t\t\t\t<\/div>\n\t\t\t\t<\/div>\n\t\t<div class=\"elementor-element elementor-element-6dcb019 e-con-full e-flex e-con e-child\" data-id=\"6dcb019\" data-element_type=\"container\">\n\t\t\t\t<div class=\"elementor-element elementor-element-adf7faa elementor-widget elementor-widget-image\" data-id=\"adf7faa\" data-element_type=\"widget\" data-widget_type=\"image.default\">\n\t\t\t\t<div class=\"elementor-widget-container\">\n\t\t\t\t\t\t\t\t\t\t\t\t\t\t\t<img loading=\"lazy\" width=\"500\" height=\"342\" src=\"https:\/\/markosj.net\/wp-content\/uploads\/2025\/05\/BookCover6x9_BW_490_leyer4_small-3.jpg\" class=\"attachment-large size-large wp-image-1337\" alt=\"BookCover6x9_BW_490_leyer4_small-3\" srcset=\"https:\/\/markosj.net\/wp-content\/uploads\/2025\/05\/BookCover6x9_BW_490_leyer4_small-3.jpg 500w, https:\/\/markosj.net\/wp-content\/uploads\/2025\/05\/BookCover6x9_BW_490_leyer4_small-3-300x205.jpg 300w\" sizes=\"auto, (max-width: 500px) 100vw, 500px\" loading=\"lazy\" decoding=\"async\" \/>\t\t\t\t\t\t\t\t\t\t\t\t\t\t\t<\/div>\n\t\t\t\t<\/div>\n\t\t\t\t<\/div>\n\t\t<div class=\"elementor-element elementor-element-3f55e35 e-con-full e-flex e-con e-child\" data-id=\"3f55e35\" data-element_type=\"container\">\n\t\t\t\t<div class=\"elementor-element elementor-element-e05366f elementor-widget elementor-widget-text-editor\" data-id=\"e05366f\" data-element_type=\"widget\" data-widget_type=\"text-editor.default\">\n\t\t\t\t<div class=\"elementor-widget-container\">\n\t\t\t\t\t\t\t\t\t<h2><span style=\"color: #000000;\">Cruzando el mar hacia el olvido<\/span><\/h2><h5><em><span style=\"color: #333300;\">Segunda versi\u00f3n, en el idioma espa\u00f1ol.<\/span><\/em><\/h5><h6>(Comprar en <span style=\"text-decoration: underline;\"><a href=\"https:\/\/www.amazon.com\/CRUZANDO-HACIA-OLVIDO-Emigracion-Spanish-ebook\/dp\/B0094A5FFW?ref_=ast_author_dp\">Amazon)<\/a><\/span><\/h6><h6><span style=\"color: #000000; font-family: 'Amazon Ember', Arial, sans-serif; font-size: 14px; background-color: #ffffff;\">La presente es una historia de los argentinos de origen esloveno, como tambi\u00e9n el estudio del poder de asimilaci\u00f3n en la Argentina. Quiz\u00e1s haya expuesto temas provocativos o pol\u00e9micos. Admito que he roto con ciertos tab\u00faes vigentes en la Argentina hasta el presente, sobre todo al referirme al nacionalismo en este pa\u00eds; que he expuesto la historia de los pueblos balc\u00e1nicos a una luz despojante tratando de explicar las causas de cierta historia violenta de los Balcanes. Una de las consecuencias fue ciertamente la emigraci\u00f3n. Este es el trabajo de un europeo, economista y polit\u00f3logo de formaci\u00f3n; que vivi\u00f3 y particip\u00f3, como diplom\u00e1tico de la ex Yugoslavia, de una parte de esa historia; y que ha tenido la oportunidad de conocer y exponer de primera mano lo que ocurr\u00eda tras la cortina.<\/span><\/h6>\t\t\t\t\t\t\t\t<\/div>\n\t\t\t\t<\/div>\n\t\t\t\t<\/div>\n\t\t\t\t\t<\/div>\n\t\t\t\t<\/div>\n\t\t<div class=\"elementor-element elementor-element-cbba1cc e-flex e-con-boxed e-con e-parent\" data-id=\"cbba1cc\" data-element_type=\"container\">\n\t\t\t\t\t<div class=\"e-con-inner\">\n\t\t\t\t<div class=\"elementor-element elementor-element-3c063d8 elementor-widget elementor-widget-text-editor\" data-id=\"3c063d8\" data-element_type=\"widget\" data-widget_type=\"text-editor.default\">\n\t\t\t\t<div class=\"elementor-widget-container\">\n\t\t\t\t\t\t\t\t\t<h2 style=\"text-align: center;\"><span style=\"color: #0000ff;\">CILJI PORTALA<\/span><\/h2><h5 style=\"text-align: center;\"><span style=\"color: #000000;\">Zgodovina slovenskega izseljevanja v Argentino. Argentina kot privla\u010dna in nenavadna de\u017eela turisti\u010dnih in poslovnih prilo\u017enosti.<\/span><\/h5><h5 style=\"text-align: center;\"><span style=\"color: #000000;\">\u00a0<\/span><span style=\"color: #000000;\">Slovenska emigracija kot most pri gospodarskem povezovanju.<\/span><\/h5><h5 style=\"text-align: center;\"><span style=\"color: #000000;\">Latinska Amerika:\u00a0<span lang=\"sl\">Polo\u017eaj in razvoj latinskoameri\u0161kega gospodarstva, politika in dru\u017eba.<\/span><\/span><span style=\"color: #000000;\">\u00a0<span lang=\"SL\"><a style=\"color: #000000;\" href=\"https:\/\/markosj.net\/priloznosti.htm\">Prilo\u017enosti slovenskega gospodarstva v Latinski Ameriki<\/a><\/span><span lang=\"sl\">.<\/span><\/span><\/h5><h5 style=\"text-align: center;\"><span style=\"color: #000000;\">Mednarodni gospodarski odnosi in finan\u010dni sistem.<\/span><\/h5><h5 style=\"text-align: center;\"><span style=\"color: #000000;\">Novi viri energije, okoljevarstvo, ribi\u0161ka politika.<\/span><\/h5><h5 style=\"text-align: center;\"><span style=\"color: #000000;\">Izbor slovenske lokalne problematike.<\/span><\/h5><h6 style=\"text-align: center;\">Portal je v obnovi. Dostop do prej\u0161nje doma\u010de strani in povezav <a href=\"https:\/\/markosj.net\/indexold.htm\">tukaj<\/a><\/h6>\t\t\t\t\t\t\t\t<\/div>\n\t\t\t\t<\/div>\n\t\t\t\t<div class=\"elementor-element elementor-element-6630e1f elementor-widget__width-initial elementor-widget elementor-widget-text-editor\" data-id=\"6630e1f\" data-element_type=\"widget\" data-widget_type=\"text-editor.default\">\n\t\t\t\t<div class=\"elementor-widget-container\">\n\t\t\t\t\t\t\t\t\t<h4><img decoding=\"async\" class=\"wp-image-2668 alignnone\" src=\"https:\/\/markosj.net\/wp-content\/uploads\/2025\/07\/Delavska-zveza-SD-1.jpg\" alt=\"\" width=\"93\" height=\"93\" data-wp-editing=\"1\" srcset=\"https:\/\/markosj.net\/wp-content\/uploads\/2025\/07\/Delavska-zveza-SD-1.jpg 180w, https:\/\/markosj.net\/wp-content\/uploads\/2025\/07\/Delavska-zveza-SD-1-150x150.jpg 150w\" sizes=\"(max-width: 93px) 100vw, 93px\" \/><\/h4><h4>\u00a0Zunanja povezava:\u00a0<\/h4><p>\u00a0<\/p><p>\u00a0<\/p><h4>\u00a0<\/h4><h4><a href=\"https:\/\/www.facebook.com\/DelavskaZvezaSdOoMaribor\/\"><span style=\"text-decoration-line: underline;\">DELAVSKA ZVEZA SOCIALNIH DEMOKRATOV MARIBOR<\/span><\/a><span style=\"color: inherit; background-color: transparent;\">\u00a0<\/span><\/h4><h4>S<span style=\"background-color: transparent; color: #000000; font-size: 14px;\">tali\u0161\u010da DZ SD Maribor o pomembnih vpra\u0161anjih dnevne politike.\u00a0\u00a0<\/span><\/h4><div><span style=\"color: #000000;\">\u00a0<\/span><\/div>\t\t\t\t\t\t\t\t<\/div>\n\t\t\t\t<\/div>\n\t\t\t\t\t<\/div>\n\t\t\t\t<\/div>\n\t\t\t\t<\/div>\n\t\t","protected":false},"excerpt":{"rendered":"<p>\u010cez morje v pozabo Prva verzija, v slovenskem jeziku (Povpra\u0161evaje oddajte v komentarjih) Pri\u010dujo\u010de delo je poskus opisati<\/p>\n","protected":false},"author":1,"featured_media":0,"parent":0,"menu_order":0,"comment_status":"closed","ping_status":"closed","template":"","meta":{"footnotes":""},"class_list":["post-37","page","type-page","status-publish","hentry"],"yoast_head":"<!-- This site is optimized with the Yoast SEO plugin v27.4 - https:\/\/yoast.com\/product\/yoast-seo-wordpress\/ -->\n<title>Home - Marko Sjeklo\u010da - spletna stran<\/title>\n<meta name=\"description\" content=\"Argentina emigration, Slovenia\" \/>\n<meta name=\"robots\" content=\"index, follow, max-snippet:-1, max-image-preview:large, max-video-preview:-1\" \/>\n<link rel=\"canonical\" href=\"https:\/\/markosj.net\/\" \/>\n<meta property=\"og:locale\" content=\"en_GB\" \/>\n<meta property=\"og:type\" content=\"article\" \/>\n<meta property=\"og:title\" content=\"Home - Marko Sjeklo\u010da - spletna stran\" \/>\n<meta property=\"og:description\" content=\"Argentina emigration, Slovenia\" \/>\n<meta property=\"og:url\" content=\"https:\/\/markosj.net\/\" \/>\n<meta property=\"og:site_name\" content=\"Marko Sjeklo\u010da - spletna stran\" \/>\n<meta property=\"article:modified_time\" content=\"2025-07-28T16:11:01+00:00\" \/>\n<meta property=\"og:image\" content=\"https:\/\/markosj.net\/wp-content\/uploads\/2025\/05\/Platnice2_small.jpg\" \/>\n\t<meta property=\"og:image:width\" content=\"500\" \/>\n\t<meta property=\"og:image:height\" content=\"331\" \/>\n\t<meta property=\"og:image:type\" content=\"image\/jpeg\" \/>\n<meta name=\"twitter:card\" content=\"summary_large_image\" \/>\n<meta name=\"twitter:label1\" content=\"Estimated reading time\" \/>\n\t<meta name=\"twitter:data1\" content=\"3 minutes\" \/>\n<script type=\"application\/ld+json\" class=\"yoast-schema-graph\">{\"@context\":\"https:\\\/\\\/schema.org\",\"@graph\":[{\"@type\":\"WebPage\",\"@id\":\"https:\\\/\\\/markosj.net\\\/\",\"url\":\"https:\\\/\\\/markosj.net\\\/\",\"name\":\"Home - Marko Sjeklo\u010da - spletna stran\",\"isPartOf\":{\"@id\":\"https:\\\/\\\/markosj.net\\\/#website\"},\"primaryImageOfPage\":{\"@id\":\"https:\\\/\\\/markosj.net\\\/#primaryimage\"},\"image\":{\"@id\":\"https:\\\/\\\/markosj.net\\\/#primaryimage\"},\"thumbnailUrl\":\"https:\\\/\\\/markosj.net\\\/wp-content\\\/uploads\\\/2025\\\/05\\\/Platnice2_small.jpg\",\"datePublished\":\"2018-07-18T11:55:09+00:00\",\"dateModified\":\"2025-07-28T16:11:01+00:00\",\"description\":\"Argentina emigration, Slovenia\",\"breadcrumb\":{\"@id\":\"https:\\\/\\\/markosj.net\\\/#breadcrumb\"},\"inLanguage\":\"en-GB\",\"potentialAction\":[{\"@type\":\"ReadAction\",\"target\":[\"https:\\\/\\\/markosj.net\\\/\"]}]},{\"@type\":\"ImageObject\",\"inLanguage\":\"en-GB\",\"@id\":\"https:\\\/\\\/markosj.net\\\/#primaryimage\",\"url\":\"https:\\\/\\\/markosj.net\\\/wp-content\\\/uploads\\\/2025\\\/05\\\/Platnice2_small.jpg\",\"contentUrl\":\"https:\\\/\\\/markosj.net\\\/wp-content\\\/uploads\\\/2025\\\/05\\\/Platnice2_small.jpg\",\"width\":500,\"height\":331},{\"@type\":\"BreadcrumbList\",\"@id\":\"https:\\\/\\\/markosj.net\\\/#breadcrumb\",\"itemListElement\":[{\"@type\":\"ListItem\",\"position\":1,\"name\":\"Home\",\"item\":\"https:\\\/\\\/markosj.net\\\/\"},{\"@type\":\"ListItem\",\"position\":2,\"name\":\"Home\"}]},{\"@type\":\"WebSite\",\"@id\":\"https:\\\/\\\/markosj.net\\\/#website\",\"url\":\"https:\\\/\\\/markosj.net\\\/\",\"name\":\"Marko Sjeklo\u010da - spletna stran\",\"description\":\"\",\"potentialAction\":[{\"@type\":\"SearchAction\",\"target\":{\"@type\":\"EntryPoint\",\"urlTemplate\":\"https:\\\/\\\/markosj.net\\\/?s={search_term_string}\"},\"query-input\":{\"@type\":\"PropertyValueSpecification\",\"valueRequired\":true,\"valueName\":\"search_term_string\"}}],\"inLanguage\":\"en-GB\"}]}<\/script>\n<!-- \/ Yoast SEO plugin. -->","yoast_head_json":{"title":"Home - Marko Sjeklo\u010da - spletna stran","description":"Argentina emigration, Slovenia","robots":{"index":"index","follow":"follow","max-snippet":"max-snippet:-1","max-image-preview":"max-image-preview:large","max-video-preview":"max-video-preview:-1"},"canonical":"https:\/\/markosj.net\/","og_locale":"en_GB","og_type":"article","og_title":"Home - Marko Sjeklo\u010da - spletna stran","og_description":"Argentina emigration, Slovenia","og_url":"https:\/\/markosj.net\/","og_site_name":"Marko Sjeklo\u010da - spletna stran","article_modified_time":"2025-07-28T16:11:01+00:00","og_image":[{"width":500,"height":331,"url":"https:\/\/markosj.net\/wp-content\/uploads\/2025\/05\/Platnice2_small.jpg","type":"image\/jpeg"}],"twitter_card":"summary_large_image","twitter_misc":{"Estimated reading time":"3 minutes"},"schema":{"@context":"https:\/\/schema.org","@graph":[{"@type":"WebPage","@id":"https:\/\/markosj.net\/","url":"https:\/\/markosj.net\/","name":"Home - Marko Sjeklo\u010da - spletna stran","isPartOf":{"@id":"https:\/\/markosj.net\/#website"},"primaryImageOfPage":{"@id":"https:\/\/markosj.net\/#primaryimage"},"image":{"@id":"https:\/\/markosj.net\/#primaryimage"},"thumbnailUrl":"https:\/\/markosj.net\/wp-content\/uploads\/2025\/05\/Platnice2_small.jpg","datePublished":"2018-07-18T11:55:09+00:00","dateModified":"2025-07-28T16:11:01+00:00","description":"Argentina emigration, Slovenia","breadcrumb":{"@id":"https:\/\/markosj.net\/#breadcrumb"},"inLanguage":"en-GB","potentialAction":[{"@type":"ReadAction","target":["https:\/\/markosj.net\/"]}]},{"@type":"ImageObject","inLanguage":"en-GB","@id":"https:\/\/markosj.net\/#primaryimage","url":"https:\/\/markosj.net\/wp-content\/uploads\/2025\/05\/Platnice2_small.jpg","contentUrl":"https:\/\/markosj.net\/wp-content\/uploads\/2025\/05\/Platnice2_small.jpg","width":500,"height":331},{"@type":"BreadcrumbList","@id":"https:\/\/markosj.net\/#breadcrumb","itemListElement":[{"@type":"ListItem","position":1,"name":"Home","item":"https:\/\/markosj.net\/"},{"@type":"ListItem","position":2,"name":"Home"}]},{"@type":"WebSite","@id":"https:\/\/markosj.net\/#website","url":"https:\/\/markosj.net\/","name":"Marko Sjeklo\u010da - spletna stran","description":"","potentialAction":[{"@type":"SearchAction","target":{"@type":"EntryPoint","urlTemplate":"https:\/\/markosj.net\/?s={search_term_string}"},"query-input":{"@type":"PropertyValueSpecification","valueRequired":true,"valueName":"search_term_string"}}],"inLanguage":"en-GB"}]}},"_links":{"self":[{"href":"https:\/\/markosj.net\/index.php\/wp-json\/wp\/v2\/pages\/37","targetHints":{"allow":["GET"]}}],"collection":[{"href":"https:\/\/markosj.net\/index.php\/wp-json\/wp\/v2\/pages"}],"about":[{"href":"https:\/\/markosj.net\/index.php\/wp-json\/wp\/v2\/types\/page"}],"author":[{"embeddable":true,"href":"https:\/\/markosj.net\/index.php\/wp-json\/wp\/v2\/users\/1"}],"replies":[{"embeddable":true,"href":"https:\/\/markosj.net\/index.php\/wp-json\/wp\/v2\/comments?post=37"}],"version-history":[{"count":344,"href":"https:\/\/markosj.net\/index.php\/wp-json\/wp\/v2\/pages\/37\/revisions"}],"predecessor-version":[{"id":2675,"href":"https:\/\/markosj.net\/index.php\/wp-json\/wp\/v2\/pages\/37\/revisions\/2675"}],"wp:attachment":[{"href":"https:\/\/markosj.net\/index.php\/wp-json\/wp\/v2\/media?parent=37"}],"curies":[{"name":"wp","href":"https:\/\/api.w.org\/{rel}","templated":true}]}}